{"id":37,"date":"2022-11-23T16:22:15","date_gmt":"2022-11-23T16:22:15","guid":{"rendered":"https:\/\/web.axesawebhost2.com\/gruapr\/?page_id=37"},"modified":"2024-04-30T19:21:00","modified_gmt":"2024-04-30T19:21:00","slug":"contacto","status":"publish","type":"page","link":"https:\/\/gruapr.com\/en\/contacto\/","title":{"rendered":"Contact"},"content":{"rendered":"<div data-elementor-type=\"wp-page\" data-elementor-id=\"37\" class=\"elementor elementor-37\" data-elementor-settings=\"{&quot;ha_cmc_init_switcher&quot;:&quot;no&quot;}\">\n\t\t\t\t\t\t<section class=\"elementor-section elementor-top-section elementor-element elementor-element-bc9899f elementor-section-height-min-height elementor-section-boxed elementor-section-height-default elementor-section-items-middle\" data-id=\"bc9899f\" data-element_type=\"section\" data-settings=\"{&quot;background_background&quot;:&quot;classic&quot;,&quot;jet_parallax_layout_list&quot;:[],&quot;_ha_eqh_enable&quot;:false}\">\n\t\t\t\t\t\t\t<div class=\"elementor-background-overlay\"><\/div>\n\t\t\t\t\t\t\t<div class=\"elementor-container elementor-column-gap-default\">\n\t\t\t\t\t<div class=\"elementor-column elementor-col-100 elementor-top-column elementor-element elementor-element-2fe2ec2\" data-id=\"2fe2ec2\" data-element_type=\"column\">\n\t\t\t<div class=\"elementor-widget-wrap elementor-element-populated\">\n\t\t\t\t\t\t<div class=\"elementor-element elementor-element-3135d74 elementor-widget elementor-widget-heading\" data-id=\"3135d74\" data-element_type=\"widget\" data-widget_type=\"heading.default\">\n\t\t\t\t<div class=\"elementor-widget-container\">\n\t\t\t\t\t<h2 class=\"elementor-heading-title elementor-size-default\">Contact<\/h2>\t\t\t\t<\/div>\n\t\t\t\t<\/div>\n\t\t\t\t\t<\/div>\n\t\t<\/div>\n\t\t\t\t\t<\/div>\n\t\t<\/section>\n\t\t\t\t<section class=\"elementor-section elementor-top-section elementor-element elementor-element-696ac75 elementor-section-height-min-height elementor-section-boxed elementor-section-height-default elementor-section-items-middle\" data-id=\"696ac75\" data-element_type=\"section\" data-settings=\"{&quot;jet_parallax_layout_list&quot;:[],&quot;_ha_eqh_enable&quot;:false}\">\n\t\t\t\t\t\t<div class=\"elementor-container elementor-column-gap-default\">\n\t\t\t\t\t<div class=\"elementor-column elementor-col-100 elementor-top-column elementor-element elementor-element-dc14dbc\" data-id=\"dc14dbc\" data-element_type=\"column\">\n\t\t\t<div class=\"elementor-widget-wrap elementor-element-populated\">\n\t\t\t\t\t\t<div class=\"elementor-element elementor-element-e665dc2 elementor-hidden-desktop elementor-hidden-tablet elementor-hidden-mobile elementor-widget elementor-widget-text-editor\" data-id=\"e665dc2\" data-element_type=\"widget\" data-widget_type=\"text-editor.default\">\n\t\t\t\t<div class=\"elementor-widget-container\">\n\t\t\t\t\t\t\t\t\tContact us by phone at\n<a href=\"tel:787-779-7725\" style=\"color:#333438\">\n787-779-7725\n<\/a> \/ \n<a href=\"tel:787-785-5714\" style=\"color:#333438\">\n787-785-5714\n<\/a> you can also send us an email through the form below:\t\t\t\t\t\t\t\t<\/div>\n\t\t\t\t<\/div>\n\t\t\t\t<div class=\"elementor-element elementor-element-167b7ac elementor-widget elementor-widget-text-editor\" data-id=\"167b7ac\" data-element_type=\"widget\" data-widget_type=\"text-editor.default\">\n\t\t\t\t<div class=\"elementor-widget-container\">\n\t\t\t\t\t\t\t\t\t<p><span style=\"color: #000000;\">Contact us by phone at <a style=\"color: #000000;\" href=\"tel:787-602-5714\">787-602-5714 <\/a>\/ <a style=\"color: #000000;\" href=\"tel:787-785-7725\">787-785-7725 <\/a>tambi\u00e9n puede enviarnos un correo electr\u00f3nico a trav\u00e9s del formulario a continuaci\u00f3n:<\/span><\/p>\t\t\t\t\t\t\t\t<\/div>\n\t\t\t\t<\/div>\n\t\t\t\t<div class=\"elementor-element elementor-element-babc3a2 ha-form-btn--right elementor-widget elementor-widget-ha-wpform happy-addon ha-wpform\" data-id=\"babc3a2\" data-element_type=\"widget\" data-widget_type=\"ha-wpform.default\">\n\t\t\t\t<div class=\"elementor-widget-container\">\n\t\t\t\t\t<div class=\"wpforms-container wpforms-container-full\" id=\"wpforms-30\"><form id=\"wpforms-form-30\" class=\"wpforms-validate wpforms-form wpforms-ajax-form\" data-formid=\"30\" method=\"post\" enctype=\"multipart\/form-data\" action=\"\/en\/wp-json\/wp\/v2\/pages\/37\" data-token=\"f59ab9b5e66180463490181a46d413d1\" data-token-time=\"1776456090\" data-trp-original-action=\"\/en\/wp-json\/wp\/v2\/pages\/37\"><noscript class=\"wpforms-error-noscript\">Please enable JavaScript in your browser to complete this form.<\/noscript><div class=\"wpforms-field-container\"><div id=\"wpforms-30-field_1-container\" class=\"wpforms-field wpforms-field-name\" data-field-id=\"1\"><label class=\"wpforms-field-label wpforms-label-hide\" for=\"wpforms-30-field_1\">Name <span class=\"wpforms-required-label\">*<\/span><\/label><div class=\"wpforms-field-row wpforms-field-large\"><div class=\"wpforms-field-row-block wpforms-first wpforms-one-half\"><input type=\"text\" id=\"wpforms-30-field_1\" class=\"wpforms-field-name-first wpforms-field-required\" name=\"wpforms[fields][1][first]\" placeholder=\"Name\" required><label for=\"wpforms-30-field_1\" class=\"wpforms-field-sublabel after wpforms-sublabel-hide\">First<\/label><\/div><div class=\"wpforms-field-row-block wpforms-one-half\"><input type=\"text\" id=\"wpforms-30-field_1-last\" class=\"wpforms-field-name-last wpforms-field-required\" name=\"wpforms[fields][1][last]\" placeholder=\"Last Name\" required><label for=\"wpforms-30-field_1-last\" class=\"wpforms-field-sublabel after wpforms-sublabel-hide\">Last<\/label><\/div><\/div><\/div><div id=\"wpforms-30-field_2-container\" class=\"wpforms-field wpforms-field-text wpforms-one-half wpforms-first\" data-field-id=\"2\"><label class=\"wpforms-field-label wpforms-label-hide\" for=\"wpforms-30-field_2\">Phone<\/label><input type=\"text\" id=\"wpforms-30-field_2\" class=\"wpforms-field-large wpforms-masked-input\" data-rule-inputmask-incomplete=\"1\" data-inputmask-mask=\"(999)-999-9999\" name=\"wpforms[fields][2]\" placeholder=\"Phone\" ><\/div><div id=\"wpforms-30-field_3-container\" class=\"wpforms-field wpforms-field-email wpforms-one-half\" data-field-id=\"3\"><label class=\"wpforms-field-label wpforms-label-hide\" for=\"wpforms-30-field_3\">Correo electr\u00f3nico <span class=\"wpforms-required-label\">*<\/span><\/label><input type=\"email\" id=\"wpforms-30-field_3\" class=\"wpforms-field-large wpforms-field-required\" name=\"wpforms[fields][3]\" placeholder=\"E-mail\" spellcheck=\"false\" required><\/div><div id=\"wpforms-30-field_4-container\" class=\"wpforms-field wpforms-field-textarea\" data-field-id=\"4\"><label class=\"wpforms-field-label wpforms-label-hide\" for=\"wpforms-30-field_4\">Mensaje <span class=\"wpforms-required-label\">*<\/span><\/label><textarea id=\"wpforms-30-field_4\" class=\"wpforms-field-medium wpforms-field-required\" name=\"wpforms[fields][4]\" placeholder=\"Write your Message Here\" required><\/textarea><\/div><\/div><!-- .wpforms-field-container --><div class=\"wpforms-recaptcha-container wpforms-is-recaptcha wpforms-is-recaptcha-type-v3\" ><input type=\"hidden\" name=\"wpforms[recaptcha]\" value=\"\"><\/div><div class=\"wpforms-submit-container\" ><input type=\"hidden\" name=\"wpforms[id]\" value=\"30\"><input type=\"hidden\" name=\"page_title\" value=\"\"><input type=\"hidden\" name=\"page_url\" value=\"https:\/\/gruapr.com\/en\/wp-json\/wp\/v2\/pages\/37\"><input type=\"hidden\" name=\"url_referer\" value=\"\"><button type=\"submit\" name=\"wpforms[submit]\" id=\"wpforms-submit-30\" class=\"wpforms-submit\" data-alt-text=\"Enviando...\" data-submit-text=\"Enviar\" aria-live=\"assertive\" value=\"wpforms-submit\">Send<\/button><img decoding=\"async\" src=\"https:\/\/gruapr.com\/wp-content\/plugins\/wpforms\/assets\/images\/submit-spin.svg\" class=\"wpforms-submit-spinner\" style=\"display: none;\" width=\"26\" height=\"26\" alt=\"Loading\"><\/div><input type=\"hidden\" name=\"trp-form-language\" value=\"en\"\/><\/form><\/div>  <!-- .wpforms-container -->\t\t\t\t<\/div>\n\t\t\t\t<\/div>\n\t\t\t\t\t<\/div>\n\t\t<\/div>\n\t\t\t\t\t<\/div>\n\t\t<\/section>\n\t\t\t\t<section class=\"elementor-section elementor-top-section elementor-element elementor-element-054955f elementor-section-height-min-height elementor-section-boxed elementor-section-height-default elementor-section-items-middle\" data-id=\"054955f\" data-element_type=\"section\" data-settings=\"{&quot;background_background&quot;:&quot;classic&quot;,&quot;jet_parallax_layout_list&quot;:[],&quot;_ha_eqh_enable&quot;:false}\">\n\t\t\t\t\t\t<div class=\"elementor-container elementor-column-gap-default\">\n\t\t\t\t\t<div class=\"elementor-column elementor-col-100 elementor-top-column elementor-element elementor-element-b442591\" data-id=\"b442591\" data-element_type=\"column\">\n\t\t\t<div class=\"elementor-widget-wrap elementor-element-populated\">\n\t\t\t\t\t\t<div class=\"elementor-element elementor-element-f02f648 elementor-widget elementor-widget-heading\" data-id=\"f02f648\" data-element_type=\"widget\" data-widget_type=\"heading.default\">\n\t\t\t\t<div class=\"elementor-widget-container\">\n\t\t\t\t\t<h2 class=\"elementor-heading-title elementor-size-default\">24 hour Emergency Service<\/h2>\t\t\t\t<\/div>\n\t\t\t\t<\/div>\n\t\t\t\t\t<\/div>\n\t\t<\/div>\n\t\t\t\t\t<\/div>\n\t\t<\/section>\n\t\t\t\t<section class=\"elementor-section elementor-top-section elementor-element elementor-element-2767425 elementor-section-height-min-height elementor-section-boxed elementor-section-height-default elementor-section-items-middle\" data-id=\"2767425\" data-element_type=\"section\" data-settings=\"{&quot;jet_parallax_layout_list&quot;:[],&quot;background_background&quot;:&quot;classic&quot;,&quot;_ha_eqh_enable&quot;:false}\">\n\t\t\t\t\t\t<div class=\"elementor-container elementor-column-gap-default\">\n\t\t\t\t\t<div class=\"elementor-column elementor-col-100 elementor-top-column elementor-element elementor-element-4c055b7\" data-id=\"4c055b7\" data-element_type=\"column\">\n\t\t\t<div class=\"elementor-widget-wrap elementor-element-populated\">\n\t\t\t\t\t\t<section class=\"elementor-section elementor-inner-section elementor-element elementor-element-f4a58a4 elementor-section-boxed elementor-section-height-default elementor-section-height-default\" data-id=\"f4a58a4\" data-element_type=\"section\" data-settings=\"{&quot;jet_parallax_layout_list&quot;:[],&quot;_ha_eqh_enable&quot;:false}\">\n\t\t\t\t\t\t<div class=\"elementor-container elementor-column-gap-default\">\n\t\t\t\t\t<div class=\"elementor-column elementor-col-33 elementor-inner-column elementor-element elementor-element-0f147c0\" data-id=\"0f147c0\" data-element_type=\"column\" data-settings=\"{&quot;background_background&quot;:&quot;classic&quot;}\">\n\t\t\t<div class=\"elementor-widget-wrap elementor-element-populated\">\n\t\t\t\t\t\t<div class=\"elementor-element elementor-element-67c389d elementor-view-framed elementor-shape-circle elementor-position-top elementor-mobile-position-top elementor-widget elementor-widget-icon-box\" data-id=\"67c389d\" data-element_type=\"widget\" data-widget_type=\"icon-box.default\">\n\t\t\t\t<div class=\"elementor-widget-container\">\n\t\t\t\t\t\t\t<div class=\"elementor-icon-box-wrapper\">\n\n\t\t\t\t\t\t<div class=\"elementor-icon-box-icon\">\n\t\t\t\t<span  class=\"elementor-icon\">\n\t\t\t\t<i aria-hidden=\"true\" class=\"hm hm-map-pointer2\"><\/i>\t\t\t\t<\/span>\n\t\t\t<\/div>\n\t\t\t\n\t\t\t\t\t\t<div class=\"elementor-icon-box-content\">\n\n\t\t\t\t\t\t\t\t\t<h3 class=\"elementor-icon-box-title\">\n\t\t\t\t\t\t<span  >\n\t\t\t\t\t\t\tCentral\t\t\t\t\t\t<\/span>\n\t\t\t\t\t<\/h3>\n\t\t\t\t\n\t\t\t\t\t\t\t\t\t<p class=\"elementor-icon-box-description\">\n\t\t\t\t\t\tUrb. Lomas Verdes <br>2 Olivia, Bayam\u00f3n\t\t\t\t\t<\/p>\n\t\t\t\t\n\t\t\t<\/div>\n\t\t\t\n\t\t<\/div>\n\t\t\t\t\t\t<\/div>\n\t\t\t\t<\/div>\n\t\t\t\t\t<\/div>\n\t\t<\/div>\n\t\t\t\t<div class=\"elementor-column elementor-col-33 elementor-inner-column elementor-element elementor-element-93200dc\" data-id=\"93200dc\" data-element_type=\"column\" data-settings=\"{&quot;background_background&quot;:&quot;classic&quot;}\">\n\t\t\t<div class=\"elementor-widget-wrap elementor-element-populated\">\n\t\t\t\t\t\t<div class=\"elementor-element elementor-element-7c3e646 elementor-view-framed elementor-shape-circle elementor-position-top elementor-mobile-position-top elementor-widget elementor-widget-icon-box\" data-id=\"7c3e646\" data-element_type=\"widget\" data-widget_type=\"icon-box.default\">\n\t\t\t\t<div class=\"elementor-widget-container\">\n\t\t\t\t\t\t\t<div class=\"elementor-icon-box-wrapper\">\n\n\t\t\t\t\t\t<div class=\"elementor-icon-box-icon\">\n\t\t\t\t<span  class=\"elementor-icon\">\n\t\t\t\t<i aria-hidden=\"true\" class=\"hm hm-map-pointer2\"><\/i>\t\t\t\t<\/span>\n\t\t\t<\/div>\n\t\t\t\n\t\t\t\t\t\t<div class=\"elementor-icon-box-content\">\n\n\t\t\t\t\t\t\t\t\t<h3 class=\"elementor-icon-box-title\">\n\t\t\t\t\t\t<span  >\n\t\t\t\t\t\t\tService Areas\t\t\t\t\t\t<\/span>\n\t\t\t\t\t<\/h3>\n\t\t\t\t\n\t\t\t\t\t\t\t\t\t<p class=\"elementor-icon-box-description\">\n\t\t\t\t\t\tWe offer service to\n<br>all of Puerto Rico\t\t\t\t\t<\/p>\n\t\t\t\t\n\t\t\t<\/div>\n\t\t\t\n\t\t<\/div>\n\t\t\t\t\t\t<\/div>\n\t\t\t\t<\/div>\n\t\t\t\t\t<\/div>\n\t\t<\/div>\n\t\t\t\t<div class=\"elementor-column elementor-col-33 elementor-inner-column elementor-element elementor-element-2ba42ca\" data-id=\"2ba42ca\" data-element_type=\"column\" data-settings=\"{&quot;background_background&quot;:&quot;classic&quot;}\">\n\t\t\t<div class=\"elementor-widget-wrap elementor-element-populated\">\n\t\t\t\t\t\t<div class=\"elementor-element elementor-element-ff3378d elementor-view-framed elementor-shape-circle elementor-position-top elementor-mobile-position-top elementor-widget elementor-widget-icon-box\" data-id=\"ff3378d\" data-element_type=\"widget\" data-widget_type=\"icon-box.default\">\n\t\t\t\t<div class=\"elementor-widget-container\">\n\t\t\t\t\t\t\t<div class=\"elementor-icon-box-wrapper\">\n\n\t\t\t\t\t\t<div class=\"elementor-icon-box-icon\">\n\t\t\t\t<span  class=\"elementor-icon\">\n\t\t\t\t<i aria-hidden=\"true\" class=\"hm hm-map-pointer2\"><\/i>\t\t\t\t<\/span>\n\t\t\t<\/div>\n\t\t\t\n\t\t\t\t\t\t<div class=\"elementor-icon-box-content\">\n\n\t\t\t\t\t\t\t\t\t<h3 class=\"elementor-icon-box-title\">\n\t\t\t\t\t\t<span  >\n\t\t\t\t\t\t\tEmail\t\t\t\t\t\t<\/span>\n\t\t\t\t\t<\/h3>\n\t\t\t\t\n\t\t\t\t\t\t\t\t\t<p class=\"elementor-icon-box-description\">\n\t\t\t\t\t\t<a style=\"color: #fff;\"href=\"mailto:rodriguezgruas@hotmail.com\">frodriguezgruas@hotmail.com<\/a>\t\t\t\t\t<\/p>\n\t\t\t\t\n\t\t\t<\/div>\n\t\t\t\n\t\t<\/div>\n\t\t\t\t\t\t<\/div>\n\t\t\t\t<\/div>\n\t\t\t\t\t<\/div>\n\t\t<\/div>\n\t\t\t\t\t<\/div>\n\t\t<\/section>\n\t\t\t\t\t<\/div>\n\t\t<\/div>\n\t\t\t\t\t<\/div>\n\t\t<\/section>\n\t\t\t\t<\/div>","protected":false},"excerpt":{"rendered":"<p>Contacto Comun\u00edquese con nosotros v\u00eda telef\u00f3nica al 787-779-7725 \/ 787-785-5714 tambi\u00e9n puede enviarnos un correo electr\u00f3nico a trav\u00e9s del formulario a continuaci\u00f3n: Comun\u00edquese con nosotros v\u00eda telef\u00f3nica al 787-602-5714 \/ 787-785-7725 tambi\u00e9n puede enviarnos un correo electr\u00f3nico a trav\u00e9s del formulario a continuaci\u00f3n: Por favor, activa JavaScript en tu navegador para completar este formulario.Nombre *NombreApellidosTel\u00e9fonoCorreo [&hellip;]<\/p>","protected":false},"author":1,"featured_media":0,"parent":0,"menu_order":0,"comment_status":"closed","ping_status":"closed","template":"elementor_header_footer","meta":{"_joinchat":[],"footnotes":""},"class_list":["post-37","page","type-page","status-publish","hentry"],"yoast_head":"<!-- This site is optimized with the Yoast SEO plugin v25.1 - https:\/\/yoast.com\/wordpress\/plugins\/seo\/ -->\n<title>Contacto | A-1 Rodr\u00edguez Towing Service<\/title>\n<meta name=\"robots\" content=\"index, follow, max-snippet:-1, max-image-preview:large, max-video-preview:-1\" \/>\n<link rel=\"canonical\" href=\"https:\/\/gruapr.com\/en\/contacto\/\" \/>\n<meta property=\"og:locale\" content=\"en_US\" \/>\n<meta property=\"og:type\" content=\"article\" \/>\n<meta property=\"og:title\" content=\"Contacto | A-1 Rodr\u00edguez Towing Service\" \/>\n<meta property=\"og:description\" content=\"Contacto Comun\u00edquese con nosotros v\u00eda telef\u00f3nica al 787-779-7725 \/ 787-785-5714 tambi\u00e9n puede enviarnos un correo electr\u00f3nico a trav\u00e9s del formulario a continuaci\u00f3n: Comun\u00edquese con nosotros v\u00eda telef\u00f3nica al 787-602-5714 \/ 787-785-7725 tambi\u00e9n puede enviarnos un correo electr\u00f3nico a trav\u00e9s del formulario a continuaci\u00f3n: Por favor, activa JavaScript en tu navegador para completar este formulario.Nombre *NombreApellidosTel\u00e9fonoCorreo [&hellip;]\" \/>\n<meta property=\"og:url\" content=\"https:\/\/gruapr.com\/en\/contacto\/\" \/>\n<meta property=\"og:site_name\" content=\"A-1 Rodr\u00edguez Towing Service\" \/>\n<meta property=\"article:modified_time\" content=\"2024-04-30T19:21:00+00:00\" \/>\n<meta property=\"og:image\" content=\"https:\/\/gruapr.com\/wp-content\/plugins\/wpforms\/assets\/images\/submit-spin.svg\" \/>\n<meta name=\"twitter:card\" content=\"summary_large_image\" \/>\n<meta name=\"twitter:label1\" content=\"Est. reading time\" \/>\n\t<meta name=\"twitter:data1\" content=\"1 minute\" \/>\n<script type=\"application\/ld+json\" class=\"yoast-schema-graph\">{\"@context\":\"https:\/\/schema.org\",\"@graph\":[{\"@type\":\"WebPage\",\"@id\":\"https:\/\/gruapr.com\/contacto\/\",\"url\":\"https:\/\/gruapr.com\/contacto\/\",\"name\":\"Contacto | A-1 Rodr\u00edguez Towing Service\",\"isPartOf\":{\"@id\":\"https:\/\/gruapr.com\/en\/#website\"},\"primaryImageOfPage\":{\"@id\":\"https:\/\/gruapr.com\/contacto\/#primaryimage\"},\"image\":{\"@id\":\"https:\/\/gruapr.com\/contacto\/#primaryimage\"},\"thumbnailUrl\":\"https:\/\/gruapr.com\/wp-content\/plugins\/wpforms\/assets\/images\/submit-spin.svg\",\"datePublished\":\"2022-11-23T16:22:15+00:00\",\"dateModified\":\"2024-04-30T19:21:00+00:00\",\"breadcrumb\":{\"@id\":\"https:\/\/gruapr.com\/contacto\/#breadcrumb\"},\"inLanguage\":\"en-US\",\"potentialAction\":[{\"@type\":\"ReadAction\",\"target\":[\"https:\/\/gruapr.com\/contacto\/\"]}]},{\"@type\":\"ImageObject\",\"inLanguage\":\"en-US\",\"@id\":\"https:\/\/gruapr.com\/contacto\/#primaryimage\",\"url\":\"https:\/\/gruapr.com\/wp-content\/plugins\/wpforms\/assets\/images\/submit-spin.svg\",\"contentUrl\":\"https:\/\/gruapr.com\/wp-content\/plugins\/wpforms\/assets\/images\/submit-spin.svg\"},{\"@type\":\"BreadcrumbList\",\"@id\":\"https:\/\/gruapr.com\/contacto\/#breadcrumb\",\"itemListElement\":[{\"@type\":\"ListItem\",\"position\":1,\"name\":\"Home\",\"item\":\"https:\/\/gruapr.com\/\"},{\"@type\":\"ListItem\",\"position\":2,\"name\":\"Contacto\"}]},{\"@type\":\"WebSite\",\"@id\":\"https:\/\/gruapr.com\/en\/#website\",\"url\":\"https:\/\/gruapr.com\/en\/\",\"name\":\"A-1 Rodr\u00edguez Towing Service\",\"description\":\"Empresa de remolque puertorrique\u00f1a. Hemos estado en el negocio por m\u00e1s de 45 a\u00f1os. Nos enorgullecemos de nuestro trabajo y nuestro equipo de profesionales comprometidos y experimentados se compromete a brindar un servicio confiable y de alta calidad.\",\"publisher\":{\"@id\":\"https:\/\/gruapr.com\/en\/#organization\"},\"potentialAction\":[{\"@type\":\"SearchAction\",\"target\":{\"@type\":\"EntryPoint\",\"urlTemplate\":\"https:\/\/gruapr.com\/en\/?s={search_term_string}\"},\"query-input\":{\"@type\":\"PropertyValueSpecification\",\"valueRequired\":true,\"valueName\":\"search_term_string\"}}],\"inLanguage\":\"en-US\"},{\"@type\":\"Organization\",\"@id\":\"https:\/\/gruapr.com\/en\/#organization\",\"name\":\"A-1 Rodr\u00edguez Towing Service\",\"url\":\"https:\/\/gruapr.com\/en\/\",\"logo\":{\"@type\":\"ImageObject\",\"inLanguage\":\"en-US\",\"@id\":\"https:\/\/gruapr.com\/en\/#\/schema\/logo\/image\/\",\"url\":\"https:\/\/gruapr.com\/wp-content\/uploads\/2022\/11\/logo-_1_-removebg-preview.png\",\"contentUrl\":\"https:\/\/gruapr.com\/wp-content\/uploads\/2022\/11\/logo-_1_-removebg-preview.png\",\"width\":728,\"height\":343,\"caption\":\"A-1 Rodr\u00edguez Towing Service\"},\"image\":{\"@id\":\"https:\/\/gruapr.com\/en\/#\/schema\/logo\/image\/\"}}]}<\/script>\n<!-- \/ Yoast SEO plugin. -->","yoast_head_json":{"title":"Contacto | A-1 Rodr\u00edguez Towing Service","robots":{"index":"index","follow":"follow","max-snippet":"max-snippet:-1","max-image-preview":"max-image-preview:large","max-video-preview":"max-video-preview:-1"},"canonical":"https:\/\/gruapr.com\/en\/contacto\/","og_locale":"en_US","og_type":"article","og_title":"Contacto | A-1 Rodr\u00edguez Towing Service","og_description":"Contacto Comun\u00edquese con nosotros v\u00eda telef\u00f3nica al 787-779-7725 \/ 787-785-5714 tambi\u00e9n puede enviarnos un correo electr\u00f3nico a trav\u00e9s del formulario a continuaci\u00f3n: Comun\u00edquese con nosotros v\u00eda telef\u00f3nica al 787-602-5714 \/ 787-785-7725 tambi\u00e9n puede enviarnos un correo electr\u00f3nico a trav\u00e9s del formulario a continuaci\u00f3n: Por favor, activa JavaScript en tu navegador para completar este formulario.Nombre *NombreApellidosTel\u00e9fonoCorreo [&hellip;]","og_url":"https:\/\/gruapr.com\/en\/contacto\/","og_site_name":"A-1 Rodr\u00edguez Towing Service","article_modified_time":"2024-04-30T19:21:00+00:00","og_image":[{"url":"https:\/\/gruapr.com\/wp-content\/plugins\/wpforms\/assets\/images\/submit-spin.svg","type":"","width":"","height":""}],"twitter_card":"summary_large_image","twitter_misc":{"Est. reading time":"1 minute"},"schema":{"@context":"https:\/\/schema.org","@graph":[{"@type":"WebPage","@id":"https:\/\/gruapr.com\/contacto\/","url":"https:\/\/gruapr.com\/contacto\/","name":"Contacto | A-1 Rodr\u00edguez Towing Service","isPartOf":{"@id":"https:\/\/gruapr.com\/en\/#website"},"primaryImageOfPage":{"@id":"https:\/\/gruapr.com\/contacto\/#primaryimage"},"image":{"@id":"https:\/\/gruapr.com\/contacto\/#primaryimage"},"thumbnailUrl":"https:\/\/gruapr.com\/wp-content\/plugins\/wpforms\/assets\/images\/submit-spin.svg","datePublished":"2022-11-23T16:22:15+00:00","dateModified":"2024-04-30T19:21:00+00:00","breadcrumb":{"@id":"https:\/\/gruapr.com\/contacto\/#breadcrumb"},"inLanguage":"en-US","potentialAction":[{"@type":"ReadAction","target":["https:\/\/gruapr.com\/contacto\/"]}]},{"@type":"ImageObject","inLanguage":"en-US","@id":"https:\/\/gruapr.com\/contacto\/#primaryimage","url":"https:\/\/gruapr.com\/wp-content\/plugins\/wpforms\/assets\/images\/submit-spin.svg","contentUrl":"https:\/\/gruapr.com\/wp-content\/plugins\/wpforms\/assets\/images\/submit-spin.svg"},{"@type":"BreadcrumbList","@id":"https:\/\/gruapr.com\/contacto\/#breadcrumb","itemListElement":[{"@type":"ListItem","position":1,"name":"Home","item":"https:\/\/gruapr.com\/"},{"@type":"ListItem","position":2,"name":"Contacto"}]},{"@type":"WebSite","@id":"https:\/\/gruapr.com\/en\/#website","url":"https:\/\/gruapr.com\/en\/","name":"A-1 Rodr\u00edguez Towing Service","description":"Empresa de remolque puertorrique\u00f1a. Hemos estado en el negocio por m\u00e1s de 45 a\u00f1os. Nos enorgullecemos de nuestro trabajo y nuestro equipo de profesionales comprometidos y experimentados se compromete a brindar un servicio confiable y de alta calidad.","publisher":{"@id":"https:\/\/gruapr.com\/en\/#organization"},"potentialAction":[{"@type":"SearchAction","target":{"@type":"EntryPoint","urlTemplate":"https:\/\/gruapr.com\/en\/?s={search_term_string}"},"query-input":{"@type":"PropertyValueSpecification","valueRequired":true,"valueName":"search_term_string"}}],"inLanguage":"en-US"},{"@type":"Organization","@id":"https:\/\/gruapr.com\/en\/#organization","name":"A-1 Rodr\u00edguez Towing Service","url":"https:\/\/gruapr.com\/en\/","logo":{"@type":"ImageObject","inLanguage":"en-US","@id":"https:\/\/gruapr.com\/en\/#\/schema\/logo\/image\/","url":"https:\/\/gruapr.com\/wp-content\/uploads\/2022\/11\/logo-_1_-removebg-preview.png","contentUrl":"https:\/\/gruapr.com\/wp-content\/uploads\/2022\/11\/logo-_1_-removebg-preview.png","width":728,"height":343,"caption":"A-1 Rodr\u00edguez Towing Service"},"image":{"@id":"https:\/\/gruapr.com\/en\/#\/schema\/logo\/image\/"}}]}},"_links":{"self":[{"href":"https:\/\/gruapr.com\/en\/wp-json\/wp\/v2\/pages\/37","targetHints":{"allow":["GET"]}}],"collection":[{"href":"https:\/\/gruapr.com\/en\/wp-json\/wp\/v2\/pages"}],"about":[{"href":"https:\/\/gruapr.com\/en\/wp-json\/wp\/v2\/types\/page"}],"author":[{"embeddable":true,"href":"https:\/\/gruapr.com\/en\/wp-json\/wp\/v2\/users\/1"}],"replies":[{"embeddable":true,"href":"https:\/\/gruapr.com\/en\/wp-json\/wp\/v2\/comments?post=37"}],"version-history":[{"count":79,"href":"https:\/\/gruapr.com\/en\/wp-json\/wp\/v2\/pages\/37\/revisions"}],"predecessor-version":[{"id":537,"href":"https:\/\/gruapr.com\/en\/wp-json\/wp\/v2\/pages\/37\/revisions\/537"}],"wp:attachment":[{"href":"https:\/\/gruapr.com\/en\/wp-json\/wp\/v2\/media?parent=37"}],"curies":[{"name":"wp","href":"https:\/\/api.w.org\/{rel}","templated":true}]}}