{"id":478,"date":"2023-07-04T21:34:18","date_gmt":"2023-07-04T21:34:18","guid":{"rendered":"https:\/\/gruapr.com\/?page_id=478"},"modified":"2023-07-04T21:36:29","modified_gmt":"2023-07-04T21:36:29","slug":"gracias","status":"publish","type":"page","link":"https:\/\/gruapr.com\/en\/gracias\/","title":{"rendered":"gracias"},"content":{"rendered":"<div data-elementor-type=\"wp-page\" data-elementor-id=\"478\" class=\"elementor elementor-478\" data-elementor-settings=\"{&quot;ha_cmc_init_switcher&quot;:&quot;no&quot;}\">\n\t\t\t\t\t\t<section class=\"elementor-section elementor-top-section elementor-element elementor-element-bc9899f elementor-section-height-min-height elementor-section-boxed elementor-section-height-default elementor-section-items-middle\" data-id=\"bc9899f\" data-element_type=\"section\" data-settings=\"{&quot;background_background&quot;:&quot;classic&quot;,&quot;jet_parallax_layout_list&quot;:[],&quot;_ha_eqh_enable&quot;:false}\">\n\t\t\t\t\t\t\t<div class=\"elementor-background-overlay\"><\/div>\n\t\t\t\t\t\t\t<div class=\"elementor-container elementor-column-gap-default\">\n\t\t\t\t\t<div class=\"elementor-column elementor-col-100 elementor-top-column elementor-element elementor-element-2fe2ec2\" data-id=\"2fe2ec2\" data-element_type=\"column\">\n\t\t\t<div class=\"elementor-widget-wrap elementor-element-populated\">\n\t\t\t\t\t\t<div class=\"elementor-element elementor-element-3135d74 elementor-widget elementor-widget-heading\" data-id=\"3135d74\" data-element_type=\"widget\" data-widget_type=\"heading.default\">\n\t\t\t\t<div class=\"elementor-widget-container\">\n\t\t\t\t\t<h2 class=\"elementor-heading-title elementor-size-default\">Gracias por contactarnos.<\/h2>\t\t\t\t<\/div>\n\t\t\t\t<\/div>\n\t\t\t\t\t<\/div>\n\t\t<\/div>\n\t\t\t\t\t<\/div>\n\t\t<\/section>\n\t\t\t\t<section class=\"elementor-section elementor-top-section elementor-element elementor-element-054955f elementor-section-height-min-height elementor-section-boxed elementor-section-height-default elementor-section-items-middle\" data-id=\"054955f\" data-element_type=\"section\" data-settings=\"{&quot;background_background&quot;:&quot;classic&quot;,&quot;jet_parallax_layout_list&quot;:[],&quot;_ha_eqh_enable&quot;:false}\">\n\t\t\t\t\t\t<div class=\"elementor-container elementor-column-gap-default\">\n\t\t\t\t\t<div class=\"elementor-column elementor-col-100 elementor-top-column elementor-element elementor-element-b442591\" data-id=\"b442591\" data-element_type=\"column\">\n\t\t\t<div class=\"elementor-widget-wrap elementor-element-populated\">\n\t\t\t\t\t\t<div class=\"elementor-element elementor-element-f02f648 elementor-widget elementor-widget-heading\" data-id=\"f02f648\" data-element_type=\"widget\" data-widget_type=\"heading.default\">\n\t\t\t\t<div class=\"elementor-widget-container\">\n\t\t\t\t\t<h2 class=\"elementor-heading-title elementor-size-default\">24 hour Emergency Service<\/h2>\t\t\t\t<\/div>\n\t\t\t\t<\/div>\n\t\t\t\t\t<\/div>\n\t\t<\/div>\n\t\t\t\t\t<\/div>\n\t\t<\/section>\n\t\t\t\t<section class=\"elementor-section elementor-top-section elementor-element elementor-element-2767425 elementor-section-height-min-height elementor-section-boxed elementor-section-height-default elementor-section-items-middle\" data-id=\"2767425\" data-element_type=\"section\" data-settings=\"{&quot;jet_parallax_layout_list&quot;:[],&quot;background_background&quot;:&quot;classic&quot;,&quot;_ha_eqh_enable&quot;:false}\">\n\t\t\t\t\t\t<div class=\"elementor-container elementor-column-gap-default\">\n\t\t\t\t\t<div class=\"elementor-column elementor-col-100 elementor-top-column elementor-element elementor-element-4c055b7\" data-id=\"4c055b7\" data-element_type=\"column\">\n\t\t\t<div class=\"elementor-widget-wrap elementor-element-populated\">\n\t\t\t\t\t\t<section class=\"elementor-section elementor-inner-section elementor-element elementor-element-f4a58a4 elementor-section-boxed elementor-section-height-default elementor-section-height-default\" data-id=\"f4a58a4\" data-element_type=\"section\" data-settings=\"{&quot;jet_parallax_layout_list&quot;:[],&quot;_ha_eqh_enable&quot;:false}\">\n\t\t\t\t\t\t<div class=\"elementor-container elementor-column-gap-default\">\n\t\t\t\t\t<div class=\"elementor-column elementor-col-33 elementor-inner-column elementor-element elementor-element-0f147c0\" data-id=\"0f147c0\" data-element_type=\"column\" data-settings=\"{&quot;background_background&quot;:&quot;classic&quot;}\">\n\t\t\t<div class=\"elementor-widget-wrap elementor-element-populated\">\n\t\t\t\t\t\t<div class=\"elementor-element elementor-element-67c389d elementor-view-framed elementor-shape-circle elementor-position-top elementor-mobile-position-top elementor-widget elementor-widget-icon-box\" data-id=\"67c389d\" data-element_type=\"widget\" data-widget_type=\"icon-box.default\">\n\t\t\t\t<div class=\"elementor-widget-container\">\n\t\t\t\t\t\t\t<div class=\"elementor-icon-box-wrapper\">\n\n\t\t\t\t\t\t<div class=\"elementor-icon-box-icon\">\n\t\t\t\t<span  class=\"elementor-icon\">\n\t\t\t\t<i aria-hidden=\"true\" class=\"hm hm-map-pointer2\"><\/i>\t\t\t\t<\/span>\n\t\t\t<\/div>\n\t\t\t\n\t\t\t\t\t\t<div class=\"elementor-icon-box-content\">\n\n\t\t\t\t\t\t\t\t\t<h3 class=\"elementor-icon-box-title\">\n\t\t\t\t\t\t<span  >\n\t\t\t\t\t\t\tCentral\t\t\t\t\t\t<\/span>\n\t\t\t\t\t<\/h3>\n\t\t\t\t\n\t\t\t\t\t\t\t\t\t<p class=\"elementor-icon-box-description\">\n\t\t\t\t\t\tUrb. Lomas Verdes <br>2 Olivia, Bayam\u00f3n\t\t\t\t\t<\/p>\n\t\t\t\t\n\t\t\t<\/div>\n\t\t\t\n\t\t<\/div>\n\t\t\t\t\t\t<\/div>\n\t\t\t\t<\/div>\n\t\t\t\t\t<\/div>\n\t\t<\/div>\n\t\t\t\t<div class=\"elementor-column elementor-col-33 elementor-inner-column elementor-element elementor-element-93200dc\" data-id=\"93200dc\" data-element_type=\"column\" data-settings=\"{&quot;background_background&quot;:&quot;classic&quot;}\">\n\t\t\t<div class=\"elementor-widget-wrap elementor-element-populated\">\n\t\t\t\t\t\t<div class=\"elementor-element elementor-element-7c3e646 elementor-view-framed elementor-shape-circle elementor-position-top elementor-mobile-position-top elementor-widget elementor-widget-icon-box\" data-id=\"7c3e646\" data-element_type=\"widget\" data-widget_type=\"icon-box.default\">\n\t\t\t\t<div class=\"elementor-widget-container\">\n\t\t\t\t\t\t\t<div class=\"elementor-icon-box-wrapper\">\n\n\t\t\t\t\t\t<div class=\"elementor-icon-box-icon\">\n\t\t\t\t<span  class=\"elementor-icon\">\n\t\t\t\t<i aria-hidden=\"true\" class=\"hm hm-map-pointer2\"><\/i>\t\t\t\t<\/span>\n\t\t\t<\/div>\n\t\t\t\n\t\t\t\t\t\t<div class=\"elementor-icon-box-content\">\n\n\t\t\t\t\t\t\t\t\t<h3 class=\"elementor-icon-box-title\">\n\t\t\t\t\t\t<span  >\n\t\t\t\t\t\t\tService Areas\t\t\t\t\t\t<\/span>\n\t\t\t\t\t<\/h3>\n\t\t\t\t\n\t\t\t\t\t\t\t\t\t<p class=\"elementor-icon-box-description\">\n\t\t\t\t\t\tWe offer service to\n<br>all of Puerto Rico\t\t\t\t\t<\/p>\n\t\t\t\t\n\t\t\t<\/div>\n\t\t\t\n\t\t<\/div>\n\t\t\t\t\t\t<\/div>\n\t\t\t\t<\/div>\n\t\t\t\t\t<\/div>\n\t\t<\/div>\n\t\t\t\t<div class=\"elementor-column elementor-col-33 elementor-inner-column elementor-element elementor-element-2ba42ca\" data-id=\"2ba42ca\" data-element_type=\"column\" data-settings=\"{&quot;background_background&quot;:&quot;classic&quot;}\">\n\t\t\t<div class=\"elementor-widget-wrap elementor-element-populated\">\n\t\t\t\t\t\t<div class=\"elementor-element elementor-element-ff3378d elementor-view-framed elementor-shape-circle elementor-position-top elementor-mobile-position-top elementor-widget elementor-widget-icon-box\" data-id=\"ff3378d\" data-element_type=\"widget\" data-widget_type=\"icon-box.default\">\n\t\t\t\t<div class=\"elementor-widget-container\">\n\t\t\t\t\t\t\t<div class=\"elementor-icon-box-wrapper\">\n\n\t\t\t\t\t\t<div class=\"elementor-icon-box-icon\">\n\t\t\t\t<a href=\"mailto:rodriguezgruas@hotmail.com\" target=\"_blank\" class=\"elementor-icon\" tabindex=\"-1\" aria-label=\"Email\">\n\t\t\t\t<i aria-hidden=\"true\" class=\"hm hm-map-pointer2\"><\/i>\t\t\t\t<\/a>\n\t\t\t<\/div>\n\t\t\t\n\t\t\t\t\t\t<div class=\"elementor-icon-box-content\">\n\n\t\t\t\t\t\t\t\t\t<h3 class=\"elementor-icon-box-title\">\n\t\t\t\t\t\t<a href=\"mailto:rodriguezgruas@hotmail.com\" target=\"_blank\" >\n\t\t\t\t\t\t\tEmail\t\t\t\t\t\t<\/a>\n\t\t\t\t\t<\/h3>\n\t\t\t\t\n\t\t\t\t\t\t\t\t\t<p class=\"elementor-icon-box-description\">\n\t\t\t\t\t\trodriguezgruas@hotmail.com\t\t\t\t\t<\/p>\n\t\t\t\t\n\t\t\t<\/div>\n\t\t\t\n\t\t<\/div>\n\t\t\t\t\t\t<\/div>\n\t\t\t\t<\/div>\n\t\t\t\t\t<\/div>\n\t\t<\/div>\n\t\t\t\t\t<\/div>\n\t\t<\/section>\n\t\t\t\t\t<\/div>\n\t\t<\/div>\n\t\t\t\t\t<\/div>\n\t\t<\/section>\n\t\t\t\t<\/div>","protected":false},"excerpt":{"rendered":"<p>Gracias por contactarnos. Servicio de Emergencia 24 horas Central Urb. Lomas Verdes 2 Olivia, Bayam\u00f3n \u00c1reas de Servicio Ofrecemos servicio a todo Puerto Rico Correo Electr\u00f3nico rodriguezgruas@hotmail.com<\/p>","protected":false},"author":1,"featured_media":0,"parent":0,"menu_order":0,"comment_status":"closed","ping_status":"closed","template":"elementor_header_footer","meta":{"_joinchat":[],"footnotes":""},"class_list":["post-478","page","type-page","status-publish","hentry"],"yoast_head":"<!-- This site is optimized with the Yoast SEO plugin v25.1 - https:\/\/yoast.com\/wordpress\/plugins\/seo\/ -->\n<title>gracias | A-1 Rodr\u00edguez Towing Service<\/title>\n<meta name=\"robots\" content=\"index, follow, max-snippet:-1, max-image-preview:large, max-video-preview:-1\" \/>\n<link rel=\"canonical\" href=\"https:\/\/gruapr.com\/en\/gracias\/\" \/>\n<meta property=\"og:locale\" content=\"en_US\" \/>\n<meta property=\"og:type\" content=\"article\" \/>\n<meta property=\"og:title\" content=\"gracias | A-1 Rodr\u00edguez Towing Service\" \/>\n<meta property=\"og:description\" content=\"Gracias por contactarnos. Servicio de Emergencia 24 horas Central Urb. Lomas Verdes 2 Olivia, Bayam\u00f3n \u00c1reas de Servicio Ofrecemos servicio a todo Puerto Rico Correo Electr\u00f3nico rodriguezgruas@hotmail.com\" \/>\n<meta property=\"og:url\" content=\"https:\/\/gruapr.com\/en\/gracias\/\" \/>\n<meta property=\"og:site_name\" content=\"A-1 Rodr\u00edguez Towing Service\" \/>\n<meta property=\"article:modified_time\" content=\"2023-07-04T21:36:29+00:00\" \/>\n<meta property=\"og:image\" content=\"https:\/\/gruapr.com\/wp-content\/uploads\/2022\/11\/cropped-logo-_1_-removebg-preview.png\" \/>\n\t<meta property=\"og:image:width\" content=\"512\" \/>\n\t<meta property=\"og:image:height\" content=\"512\" \/>\n\t<meta property=\"og:image:type\" content=\"image\/png\" \/>\n<meta name=\"twitter:card\" content=\"summary_large_image\" \/>\n<meta name=\"twitter:label1\" content=\"Est. reading time\" \/>\n\t<meta name=\"twitter:data1\" content=\"1 minute\" \/>\n<script type=\"application\/ld+json\" class=\"yoast-schema-graph\">{\"@context\":\"https:\/\/schema.org\",\"@graph\":[{\"@type\":\"WebPage\",\"@id\":\"https:\/\/gruapr.com\/gracias\/\",\"url\":\"https:\/\/gruapr.com\/gracias\/\",\"name\":\"gracias | A-1 Rodr\u00edguez Towing Service\",\"isPartOf\":{\"@id\":\"https:\/\/gruapr.com\/en\/#website\"},\"datePublished\":\"2023-07-04T21:34:18+00:00\",\"dateModified\":\"2023-07-04T21:36:29+00:00\",\"breadcrumb\":{\"@id\":\"https:\/\/gruapr.com\/gracias\/#breadcrumb\"},\"inLanguage\":\"en-US\",\"potentialAction\":[{\"@type\":\"ReadAction\",\"target\":[\"https:\/\/gruapr.com\/gracias\/\"]}]},{\"@type\":\"BreadcrumbList\",\"@id\":\"https:\/\/gruapr.com\/gracias\/#breadcrumb\",\"itemListElement\":[{\"@type\":\"ListItem\",\"position\":1,\"name\":\"Home\",\"item\":\"https:\/\/gruapr.com\/\"},{\"@type\":\"ListItem\",\"position\":2,\"name\":\"gracias\"}]},{\"@type\":\"WebSite\",\"@id\":\"https:\/\/gruapr.com\/en\/#website\",\"url\":\"https:\/\/gruapr.com\/en\/\",\"name\":\"A-1 Rodr\u00edguez Towing Service\",\"description\":\"Empresa de remolque puertorrique\u00f1a. Hemos estado en el negocio por m\u00e1s de 45 a\u00f1os. Nos enorgullecemos de nuestro trabajo y nuestro equipo de profesionales comprometidos y experimentados se compromete a brindar un servicio confiable y de alta calidad.\",\"publisher\":{\"@id\":\"https:\/\/gruapr.com\/en\/#organization\"},\"potentialAction\":[{\"@type\":\"SearchAction\",\"target\":{\"@type\":\"EntryPoint\",\"urlTemplate\":\"https:\/\/gruapr.com\/en\/?s={search_term_string}\"},\"query-input\":{\"@type\":\"PropertyValueSpecification\",\"valueRequired\":true,\"valueName\":\"search_term_string\"}}],\"inLanguage\":\"en-US\"},{\"@type\":\"Organization\",\"@id\":\"https:\/\/gruapr.com\/en\/#organization\",\"name\":\"A-1 Rodr\u00edguez Towing Service\",\"url\":\"https:\/\/gruapr.com\/en\/\",\"logo\":{\"@type\":\"ImageObject\",\"inLanguage\":\"en-US\",\"@id\":\"https:\/\/gruapr.com\/en\/#\/schema\/logo\/image\/\",\"url\":\"https:\/\/gruapr.com\/wp-content\/uploads\/2022\/11\/logo-_1_-removebg-preview.png\",\"contentUrl\":\"https:\/\/gruapr.com\/wp-content\/uploads\/2022\/11\/logo-_1_-removebg-preview.png\",\"width\":728,\"height\":343,\"caption\":\"A-1 Rodr\u00edguez Towing Service\"},\"image\":{\"@id\":\"https:\/\/gruapr.com\/en\/#\/schema\/logo\/image\/\"}}]}<\/script>\n<!-- \/ Yoast SEO plugin. -->","yoast_head_json":{"title":"gracias | A-1 Rodr\u00edguez Towing Service","robots":{"index":"index","follow":"follow","max-snippet":"max-snippet:-1","max-image-preview":"max-image-preview:large","max-video-preview":"max-video-preview:-1"},"canonical":"https:\/\/gruapr.com\/en\/gracias\/","og_locale":"en_US","og_type":"article","og_title":"gracias | A-1 Rodr\u00edguez Towing Service","og_description":"Gracias por contactarnos. Servicio de Emergencia 24 horas Central Urb. Lomas Verdes 2 Olivia, Bayam\u00f3n \u00c1reas de Servicio Ofrecemos servicio a todo Puerto Rico Correo Electr\u00f3nico rodriguezgruas@hotmail.com","og_url":"https:\/\/gruapr.com\/en\/gracias\/","og_site_name":"A-1 Rodr\u00edguez Towing Service","article_modified_time":"2023-07-04T21:36:29+00:00","og_image":[{"width":512,"height":512,"url":"https:\/\/gruapr.com\/wp-content\/uploads\/2022\/11\/cropped-logo-_1_-removebg-preview.png","type":"image\/png"}],"twitter_card":"summary_large_image","twitter_misc":{"Est. reading time":"1 minute"},"schema":{"@context":"https:\/\/schema.org","@graph":[{"@type":"WebPage","@id":"https:\/\/gruapr.com\/gracias\/","url":"https:\/\/gruapr.com\/gracias\/","name":"gracias | A-1 Rodr\u00edguez Towing Service","isPartOf":{"@id":"https:\/\/gruapr.com\/en\/#website"},"datePublished":"2023-07-04T21:34:18+00:00","dateModified":"2023-07-04T21:36:29+00:00","breadcrumb":{"@id":"https:\/\/gruapr.com\/gracias\/#breadcrumb"},"inLanguage":"en-US","potentialAction":[{"@type":"ReadAction","target":["https:\/\/gruapr.com\/gracias\/"]}]},{"@type":"BreadcrumbList","@id":"https:\/\/gruapr.com\/gracias\/#breadcrumb","itemListElement":[{"@type":"ListItem","position":1,"name":"Home","item":"https:\/\/gruapr.com\/"},{"@type":"ListItem","position":2,"name":"gracias"}]},{"@type":"WebSite","@id":"https:\/\/gruapr.com\/en\/#website","url":"https:\/\/gruapr.com\/en\/","name":"A-1 Rodr\u00edguez Towing Service","description":"Empresa de remolque puertorrique\u00f1a. Hemos estado en el negocio por m\u00e1s de 45 a\u00f1os. Nos enorgullecemos de nuestro trabajo y nuestro equipo de profesionales comprometidos y experimentados se compromete a brindar un servicio confiable y de alta calidad.","publisher":{"@id":"https:\/\/gruapr.com\/en\/#organization"},"potentialAction":[{"@type":"SearchAction","target":{"@type":"EntryPoint","urlTemplate":"https:\/\/gruapr.com\/en\/?s={search_term_string}"},"query-input":{"@type":"PropertyValueSpecification","valueRequired":true,"valueName":"search_term_string"}}],"inLanguage":"en-US"},{"@type":"Organization","@id":"https:\/\/gruapr.com\/en\/#organization","name":"A-1 Rodr\u00edguez Towing Service","url":"https:\/\/gruapr.com\/en\/","logo":{"@type":"ImageObject","inLanguage":"en-US","@id":"https:\/\/gruapr.com\/en\/#\/schema\/logo\/image\/","url":"https:\/\/gruapr.com\/wp-content\/uploads\/2022\/11\/logo-_1_-removebg-preview.png","contentUrl":"https:\/\/gruapr.com\/wp-content\/uploads\/2022\/11\/logo-_1_-removebg-preview.png","width":728,"height":343,"caption":"A-1 Rodr\u00edguez Towing Service"},"image":{"@id":"https:\/\/gruapr.com\/en\/#\/schema\/logo\/image\/"}}]}},"_links":{"self":[{"href":"https:\/\/gruapr.com\/en\/wp-json\/wp\/v2\/pages\/478","targetHints":{"allow":["GET"]}}],"collection":[{"href":"https:\/\/gruapr.com\/en\/wp-json\/wp\/v2\/pages"}],"about":[{"href":"https:\/\/gruapr.com\/en\/wp-json\/wp\/v2\/types\/page"}],"author":[{"embeddable":true,"href":"https:\/\/gruapr.com\/en\/wp-json\/wp\/v2\/users\/1"}],"replies":[{"embeddable":true,"href":"https:\/\/gruapr.com\/en\/wp-json\/wp\/v2\/comments?post=478"}],"version-history":[{"count":4,"href":"https:\/\/gruapr.com\/en\/wp-json\/wp\/v2\/pages\/478\/revisions"}],"predecessor-version":[{"id":482,"href":"https:\/\/gruapr.com\/en\/wp-json\/wp\/v2\/pages\/478\/revisions\/482"}],"wp:attachment":[{"href":"https:\/\/gruapr.com\/en\/wp-json\/wp\/v2\/media?parent=478"}],"curies":[{"name":"wp","href":"https:\/\/api.w.org\/{rel}","templated":true}]}}